{"id":431,"date":"2015-10-01T15:49:16","date_gmt":"2015-10-01T20:49:16","guid":{"rendered":"https:\/\/www.grupo7construcciones.com\/web\/?page_id=431"},"modified":"2025-01-29T13:30:03","modified_gmt":"2025-01-29T18:30:03","slug":"historia","status":"publish","type":"page","link":"https:\/\/www.grupo7construcciones.com\/web\/nosostros\/historia\/","title":{"rendered":"Nosotros"},"content":{"rendered":"\t\t<div data-elementor-type=\"wp-page\" data-elementor-id=\"431\" class=\"elementor elementor-431\">\n\t\t\t\t\t\t<section class=\"elementor-section elementor-top-section elementor-element elementor-element-bc0fe05 elementor-section-content-middle elementor-section-boxed elementor-section-height-default elementor-section-height-default\" data-id=\"bc0fe05\" data-element_type=\"section\">\n\t\t\t\t\t\t<div class=\"elementor-container elementor-column-gap-default\">\n\t\t\t\t\t<div class=\"elementor-column elementor-col-50 elementor-top-column elementor-element elementor-element-e99e497\" data-id=\"e99e497\" data-element_type=\"column\">\n\t\t\t<div class=\"elementor-widget-wrap elementor-element-populated\">\n\t\t\t\t\t\t<div class=\"elementor-element elementor-element-51457c0 elementor-widget__width-initial elementor-widget elementor-widget-text-editor\" data-id=\"51457c0\" data-element_type=\"widget\" data-widget_type=\"text-editor.default\">\n\t\t\t\t<div class=\"elementor-widget-container\">\n\t\t\t\t\t\t\t\t\t<p style=\"font-size: 15px; text-align: all left;\"><em>\u00abM\u00e1s all\u00e1 del horizonte de las luchas cotidianas,<\/em><br>\n<em>de lo peque\u00f1o y lo f\u00e1cil y lo fugaz<\/em><br>\n<em>Buscamos el valor necesario para adentrarnos en la aventura de construir&nbsp;un mundo propio<\/em><br>\n<em>y al tiempo<\/em><br>\n<em>Un mundo para otros<\/em><\/p><p style=\"font-size: 15px; text-align: all left;\"><em>Antonio Torres Valdivieso\u00bb<\/em><\/p>\t\t\t\t\t\t\t\t<\/div>\n\t\t\t\t<\/div>\n\t\t\t\t\t<\/div>\n\t\t<\/div>\n\t\t\t\t<div class=\"elementor-column elementor-col-50 elementor-top-column elementor-element elementor-element-6d0c35a\" data-id=\"6d0c35a\" data-element_type=\"column\">\n\t\t\t<div class=\"elementor-widget-wrap elementor-element-populated\">\n\t\t\t\t\t\t<div class=\"elementor-element elementor-element-bad9f11 elementor-widget elementor-widget-image\" data-id=\"bad9f11\" data-element_type=\"widget\" data-widget_type=\"image.default\">\n\t\t\t\t<div class=\"elementor-widget-container\">\n\t\t\t\t\t\t\t\t\t\t\t\t\t\t\t<img fetchpriority=\"high\" decoding=\"async\" width=\"1024\" height=\"768\" src=\"https:\/\/www.grupo7construcciones.com\/web\/wp-content\/uploads\/2025\/01\/3-1024x768.png\" class=\"attachment-large size-large wp-image-15414\" alt=\"\" srcset=\"https:\/\/www.grupo7construcciones.com\/web\/wp-content\/uploads\/2025\/01\/3-1024x768.png 1024w, https:\/\/www.grupo7construcciones.com\/web\/wp-content\/uploads\/2025\/01\/3-800x600.png 800w, https:\/\/www.grupo7construcciones.com\/web\/wp-content\/uploads\/2025\/01\/3-768x576.png 768w, https:\/\/www.grupo7construcciones.com\/web\/wp-content\/uploads\/2025\/01\/3-1536x1152.png 1536w, https:\/\/www.grupo7construcciones.com\/web\/wp-content\/uploads\/2025\/01\/3-2048x1536.png 2048w\" sizes=\"(max-width: 1024px) 100vw, 1024px\" \/>\t\t\t\t\t\t\t\t\t\t\t\t\t\t\t<\/div>\n\t\t\t\t<\/div>\n\t\t\t\t\t<\/div>\n\t\t<\/div>\n\t\t\t\t\t<\/div>\n\t\t<\/section>\n\t\t\t\t<section class=\"elementor-section elementor-top-section elementor-element elementor-element-37b2aa4 elementor-section-boxed elementor-section-height-default elementor-section-height-default\" data-id=\"37b2aa4\" data-element_type=\"section\">\n\t\t\t\t\t\t<div class=\"elementor-container elementor-column-gap-default\">\n\t\t\t\t\t<div class=\"elementor-column elementor-col-100 elementor-top-column elementor-element elementor-element-274bd81\" data-id=\"274bd81\" data-element_type=\"column\">\n\t\t\t<div class=\"elementor-widget-wrap elementor-element-populated\">\n\t\t\t\t\t\t<div class=\"elementor-element elementor-element-2717d0b elementor-widget elementor-widget-text-editor\" data-id=\"2717d0b\" data-element_type=\"widget\" data-widget_type=\"text-editor.default\">\n\t\t\t\t<div class=\"elementor-widget-container\">\n\t\t\t\t\t\t\t\t\t<h3 style=\"line-height: 0.1; text-align: all left;\"><span style=\"color: #000000;\">Nosotros<\/span><\/h3><p style=\"font-size: 15px; text-align: all right;\">Desde 1983 Grupo 7 Construcciones empez\u00f3 el desarrollo de los primeros proyectos de vivienda que a la fecha hablan por s\u00ed solos de la exitosa trayectoria de un grupo empresarial ya consolidado en el panorama de la construcci\u00f3n en Bogot\u00e1 hasta la fecha y a trav\u00e9s de m\u00e1s de un cuarto de siglo de labores.<\/p><p style=\"font-size: 15px; text-align: all right;\">Grupo 7 Construcciones ha encontrado un espacio propio en el sector de la construcci\u00f3n en Bogot\u00e1, desarrollando, en ubicaciones de gran calidad, proyectos de apartamentos inicialmente y a partir del a\u00f1o 2006 de oficinas. Con apartamentos de \u00e1reas en su mayor\u00eda de 30 y 60 metros cuadrados, oficinas desde 12 hasta 45 metros cuadrados, Grupo 7 cumple con el objeto de proveer viviendas y oficinas a precios accesibles y c\u00f3modas formas de pago adaptables a la situaci\u00f3n de cada comprador, con ubicaciones de magn\u00edfica proyecci\u00f3n y accesos privilegiados.<\/p><p style=\"font-size: 15px; text-align: all right;\">Unicentro, Santa B\u00e1rbara, Chapinero Alto, Cedritos, Pasadena, La Calleja, Chic\u00f3, Rinc\u00f3n del Chic\u00f3, sectores \u00f3ptimos del Norte de Bogot\u00e1, han sido los escogidos para desarrollar la mayor parte de los proyectos, de manera de garantizar a los clientes la mayor valorizaci\u00f3n y rentabilidad.<\/p>\t\t\t\t\t\t\t\t<\/div>\n\t\t\t\t<\/div>\n\t\t\t\t\t<\/div>\n\t\t<\/div>\n\t\t\t\t\t<\/div>\n\t\t<\/section>\n\t\t\t\t<section class=\"elementor-section elementor-top-section elementor-element elementor-element-695c4db elementor-section-content-middle elementor-section-boxed elementor-section-height-default elementor-section-height-default\" data-id=\"695c4db\" data-element_type=\"section\">\n\t\t\t\t\t\t<div class=\"elementor-container elementor-column-gap-default\">\n\t\t\t\t\t<div class=\"elementor-column elementor-col-100 elementor-top-column elementor-element elementor-element-2e1da4b\" data-id=\"2e1da4b\" data-element_type=\"column\">\n\t\t\t<div class=\"elementor-widget-wrap elementor-element-populated\">\n\t\t\t\t\t\t<div class=\"elementor-element elementor-element-95128c6 elementor-widget elementor-widget-text-editor\" data-id=\"95128c6\" data-element_type=\"widget\" data-widget_type=\"text-editor.default\">\n\t\t\t\t<div class=\"elementor-widget-container\">\n\t\t\t\t\t\t\t\t\t<div style=\"text-align: right;\"><a href=\"https:\/\/www.grupo7construcciones.com\/web\/nosostros\/proyectos-construidos\/\"><img decoding=\"async\" class=\"alignnone wp-image-14552\" src=\"https:\/\/www.grupo7construcciones.com\/web\/wp-content\/uploads\/Recurso-5-2.png\" alt=\"\" width=\"153\" height=\"26\" \/><\/a><\/div>\t\t\t\t\t\t\t\t<\/div>\n\t\t\t\t<\/div>\n\t\t\t\t\t<\/div>\n\t\t<\/div>\n\t\t\t\t\t<\/div>\n\t\t<\/section>\n\t\t\t\t<\/div>\n\t\t","protected":false},"excerpt":{"rendered":"<p>\u00abM\u00e1s all\u00e1 del horizonte de las luchas cotidianas, de lo peque\u00f1o y lo f\u00e1cil y lo fugaz Buscamos el valor necesario para adentrarnos en la aventura de construir&nbsp;un mundo propio y al tiempo Un mundo para otros Antonio Torres Valdivieso\u00bb Nosotros Desde 1983 Grupo 7 Construcciones empez\u00f3 el desarrollo de los primeros proyectos de vivienda [&hellip;]<\/p>\n","protected":false},"author":1,"featured_media":0,"parent":13,"menu_order":18,"comment_status":"closed","ping_status":"closed","template":"","meta":{"_acf_changed":false,"_joinchat":[],"footnotes":""},"class_list":["post-431","page","type-page","status-publish","hentry"],"acf":[],"yoast_head":"<!-- This site is optimized with the Yoast SEO plugin v26.9 - https:\/\/yoast.com\/product\/yoast-seo-wordpress\/ -->\n<title>Nosotros - Grupo 7 Construcciones<\/title>\n<meta name=\"robots\" content=\"index, follow, max-snippet:-1, max-image-preview:large, max-video-preview:-1\" \/>\n<link rel=\"canonical\" href=\"https:\/\/www.grupo7construcciones.com\/web\/nosostros\/historia\/\" \/>\n<meta property=\"og:locale\" content=\"es_ES\" \/>\n<meta property=\"og:type\" content=\"article\" \/>\n<meta property=\"og:title\" content=\"Nosotros - Grupo 7 Construcciones\" \/>\n<meta property=\"og:description\" content=\"\u00abM\u00e1s all\u00e1 del horizonte de las luchas cotidianas, de lo peque\u00f1o y lo f\u00e1cil y lo fugaz Buscamos el valor necesario para adentrarnos en la aventura de construir&nbsp;un mundo propio y al tiempo Un mundo para otros Antonio Torres Valdivieso\u00bb Nosotros Desde 1983 Grupo 7 Construcciones empez\u00f3 el desarrollo de los primeros proyectos de vivienda [&hellip;]\" \/>\n<meta property=\"og:url\" content=\"https:\/\/www.grupo7construcciones.com\/web\/nosostros\/historia\/\" \/>\n<meta property=\"og:site_name\" content=\"Grupo 7 Construcciones\" \/>\n<meta property=\"article:publisher\" content=\"https:\/\/www.facebook.com\/grupo7cons\" \/>\n<meta property=\"article:modified_time\" content=\"2025-01-29T18:30:03+00:00\" \/>\n<meta property=\"og:image\" content=\"https:\/\/www.grupo7construcciones.com\/web\/wp-content\/uploads\/2025\/01\/3-1024x768.png\" \/>\n<meta name=\"twitter:card\" content=\"summary_large_image\" \/>\n<meta name=\"twitter:label1\" content=\"Tiempo de lectura\" \/>\n\t<meta name=\"twitter:data1\" content=\"2 minutos\" \/>\n<script type=\"application\/ld+json\" class=\"yoast-schema-graph\">{\"@context\":\"https:\/\/schema.org\",\"@graph\":[{\"@type\":\"WebPage\",\"@id\":\"https:\/\/www.grupo7construcciones.com\/web\/nosostros\/historia\/\",\"url\":\"https:\/\/www.grupo7construcciones.com\/web\/nosostros\/historia\/\",\"name\":\"Nosotros - Grupo 7 Construcciones\",\"isPartOf\":{\"@id\":\"https:\/\/www.grupo7construcciones.com\/web\/#website\"},\"primaryImageOfPage\":{\"@id\":\"https:\/\/www.grupo7construcciones.com\/web\/nosostros\/historia\/#primaryimage\"},\"image\":{\"@id\":\"https:\/\/www.grupo7construcciones.com\/web\/nosostros\/historia\/#primaryimage\"},\"thumbnailUrl\":\"https:\/\/www.grupo7construcciones.com\/web\/wp-content\/uploads\/2025\/01\/3-1024x768.png\",\"datePublished\":\"2015-10-01T20:49:16+00:00\",\"dateModified\":\"2025-01-29T18:30:03+00:00\",\"breadcrumb\":{\"@id\":\"https:\/\/www.grupo7construcciones.com\/web\/nosostros\/historia\/#breadcrumb\"},\"inLanguage\":\"es\",\"potentialAction\":[{\"@type\":\"ReadAction\",\"target\":[\"https:\/\/www.grupo7construcciones.com\/web\/nosostros\/historia\/\"]}]},{\"@type\":\"ImageObject\",\"inLanguage\":\"es\",\"@id\":\"https:\/\/www.grupo7construcciones.com\/web\/nosostros\/historia\/#primaryimage\",\"url\":\"https:\/\/www.grupo7construcciones.com\/web\/wp-content\/uploads\/2025\/01\/3-1024x768.png\",\"contentUrl\":\"https:\/\/www.grupo7construcciones.com\/web\/wp-content\/uploads\/2025\/01\/3-1024x768.png\"},{\"@type\":\"BreadcrumbList\",\"@id\":\"https:\/\/www.grupo7construcciones.com\/web\/nosostros\/historia\/#breadcrumb\",\"itemListElement\":[{\"@type\":\"ListItem\",\"position\":1,\"name\":\"Portada\",\"item\":\"https:\/\/www.grupo7construcciones.com\/web\/\"},{\"@type\":\"ListItem\",\"position\":2,\"name\":\"Nosotros\",\"item\":\"https:\/\/www.grupo7construcciones.com\/web\/?page_id=13\"},{\"@type\":\"ListItem\",\"position\":3,\"name\":\"Nosotros\"}]},{\"@type\":\"WebSite\",\"@id\":\"https:\/\/www.grupo7construcciones.com\/web\/#website\",\"url\":\"https:\/\/www.grupo7construcciones.com\/web\/\",\"name\":\"Grupo 7 Construcciones\",\"description\":\"\",\"publisher\":{\"@id\":\"https:\/\/www.grupo7construcciones.com\/web\/#organization\"},\"potentialAction\":[{\"@type\":\"SearchAction\",\"target\":{\"@type\":\"EntryPoint\",\"urlTemplate\":\"https:\/\/www.grupo7construcciones.com\/web\/?s={search_term_string}\"},\"query-input\":{\"@type\":\"PropertyValueSpecification\",\"valueRequired\":true,\"valueName\":\"search_term_string\"}}],\"inLanguage\":\"es\"},{\"@type\":\"Organization\",\"@id\":\"https:\/\/www.grupo7construcciones.com\/web\/#organization\",\"name\":\"Grupo7 construcciones\",\"url\":\"https:\/\/www.grupo7construcciones.com\/web\/\",\"logo\":{\"@type\":\"ImageObject\",\"inLanguage\":\"es\",\"@id\":\"https:\/\/www.grupo7construcciones.com\/web\/#\/schema\/logo\/image\/\",\"url\":\"https:\/\/www.grupo7construcciones.com\/web\/wp-content\/uploads\/logo-azul-con-negro.png\",\"contentUrl\":\"https:\/\/www.grupo7construcciones.com\/web\/wp-content\/uploads\/logo-azul-con-negro.png\",\"width\":489,\"height\":291,\"caption\":\"Grupo7 construcciones\"},\"image\":{\"@id\":\"https:\/\/www.grupo7construcciones.com\/web\/#\/schema\/logo\/image\/\"},\"sameAs\":[\"https:\/\/www.facebook.com\/grupo7cons\",\"https:\/\/www.instagram.com\/grupo7_construcciones\/?hl=es\"]}]}<\/script>\n<!-- \/ Yoast SEO plugin. -->","yoast_head_json":{"title":"Nosotros - Grupo 7 Construcciones","robots":{"index":"index","follow":"follow","max-snippet":"max-snippet:-1","max-image-preview":"max-image-preview:large","max-video-preview":"max-video-preview:-1"},"canonical":"https:\/\/www.grupo7construcciones.com\/web\/nosostros\/historia\/","og_locale":"es_ES","og_type":"article","og_title":"Nosotros - Grupo 7 Construcciones","og_description":"\u00abM\u00e1s all\u00e1 del horizonte de las luchas cotidianas, de lo peque\u00f1o y lo f\u00e1cil y lo fugaz Buscamos el valor necesario para adentrarnos en la aventura de construir&nbsp;un mundo propio y al tiempo Un mundo para otros Antonio Torres Valdivieso\u00bb Nosotros Desde 1983 Grupo 7 Construcciones empez\u00f3 el desarrollo de los primeros proyectos de vivienda [&hellip;]","og_url":"https:\/\/www.grupo7construcciones.com\/web\/nosostros\/historia\/","og_site_name":"Grupo 7 Construcciones","article_publisher":"https:\/\/www.facebook.com\/grupo7cons","article_modified_time":"2025-01-29T18:30:03+00:00","og_image":[{"url":"https:\/\/www.grupo7construcciones.com\/web\/wp-content\/uploads\/2025\/01\/3-1024x768.png","type":"","width":"","height":""}],"twitter_card":"summary_large_image","twitter_misc":{"Tiempo de lectura":"2 minutos"},"schema":{"@context":"https:\/\/schema.org","@graph":[{"@type":"WebPage","@id":"https:\/\/www.grupo7construcciones.com\/web\/nosostros\/historia\/","url":"https:\/\/www.grupo7construcciones.com\/web\/nosostros\/historia\/","name":"Nosotros - Grupo 7 Construcciones","isPartOf":{"@id":"https:\/\/www.grupo7construcciones.com\/web\/#website"},"primaryImageOfPage":{"@id":"https:\/\/www.grupo7construcciones.com\/web\/nosostros\/historia\/#primaryimage"},"image":{"@id":"https:\/\/www.grupo7construcciones.com\/web\/nosostros\/historia\/#primaryimage"},"thumbnailUrl":"https:\/\/www.grupo7construcciones.com\/web\/wp-content\/uploads\/2025\/01\/3-1024x768.png","datePublished":"2015-10-01T20:49:16+00:00","dateModified":"2025-01-29T18:30:03+00:00","breadcrumb":{"@id":"https:\/\/www.grupo7construcciones.com\/web\/nosostros\/historia\/#breadcrumb"},"inLanguage":"es","potentialAction":[{"@type":"ReadAction","target":["https:\/\/www.grupo7construcciones.com\/web\/nosostros\/historia\/"]}]},{"@type":"ImageObject","inLanguage":"es","@id":"https:\/\/www.grupo7construcciones.com\/web\/nosostros\/historia\/#primaryimage","url":"https:\/\/www.grupo7construcciones.com\/web\/wp-content\/uploads\/2025\/01\/3-1024x768.png","contentUrl":"https:\/\/www.grupo7construcciones.com\/web\/wp-content\/uploads\/2025\/01\/3-1024x768.png"},{"@type":"BreadcrumbList","@id":"https:\/\/www.grupo7construcciones.com\/web\/nosostros\/historia\/#breadcrumb","itemListElement":[{"@type":"ListItem","position":1,"name":"Portada","item":"https:\/\/www.grupo7construcciones.com\/web\/"},{"@type":"ListItem","position":2,"name":"Nosotros","item":"https:\/\/www.grupo7construcciones.com\/web\/?page_id=13"},{"@type":"ListItem","position":3,"name":"Nosotros"}]},{"@type":"WebSite","@id":"https:\/\/www.grupo7construcciones.com\/web\/#website","url":"https:\/\/www.grupo7construcciones.com\/web\/","name":"Grupo 7 Construcciones","description":"","publisher":{"@id":"https:\/\/www.grupo7construcciones.com\/web\/#organization"},"potentialAction":[{"@type":"SearchAction","target":{"@type":"EntryPoint","urlTemplate":"https:\/\/www.grupo7construcciones.com\/web\/?s={search_term_string}"},"query-input":{"@type":"PropertyValueSpecification","valueRequired":true,"valueName":"search_term_string"}}],"inLanguage":"es"},{"@type":"Organization","@id":"https:\/\/www.grupo7construcciones.com\/web\/#organization","name":"Grupo7 construcciones","url":"https:\/\/www.grupo7construcciones.com\/web\/","logo":{"@type":"ImageObject","inLanguage":"es","@id":"https:\/\/www.grupo7construcciones.com\/web\/#\/schema\/logo\/image\/","url":"https:\/\/www.grupo7construcciones.com\/web\/wp-content\/uploads\/logo-azul-con-negro.png","contentUrl":"https:\/\/www.grupo7construcciones.com\/web\/wp-content\/uploads\/logo-azul-con-negro.png","width":489,"height":291,"caption":"Grupo7 construcciones"},"image":{"@id":"https:\/\/www.grupo7construcciones.com\/web\/#\/schema\/logo\/image\/"},"sameAs":["https:\/\/www.facebook.com\/grupo7cons","https:\/\/www.instagram.com\/grupo7_construcciones\/?hl=es"]}]}},"_links":{"self":[{"href":"https:\/\/www.grupo7construcciones.com\/web\/wp-json\/wp\/v2\/pages\/431","targetHints":{"allow":["GET"]}}],"collection":[{"href":"https:\/\/www.grupo7construcciones.com\/web\/wp-json\/wp\/v2\/pages"}],"about":[{"href":"https:\/\/www.grupo7construcciones.com\/web\/wp-json\/wp\/v2\/types\/page"}],"author":[{"embeddable":true,"href":"https:\/\/www.grupo7construcciones.com\/web\/wp-json\/wp\/v2\/users\/1"}],"replies":[{"embeddable":true,"href":"https:\/\/www.grupo7construcciones.com\/web\/wp-json\/wp\/v2\/comments?post=431"}],"version-history":[{"count":5,"href":"https:\/\/www.grupo7construcciones.com\/web\/wp-json\/wp\/v2\/pages\/431\/revisions"}],"predecessor-version":[{"id":15488,"href":"https:\/\/www.grupo7construcciones.com\/web\/wp-json\/wp\/v2\/pages\/431\/revisions\/15488"}],"up":[{"embeddable":true,"href":"https:\/\/www.grupo7construcciones.com\/web\/wp-json\/wp\/v2\/pages\/13"}],"wp:attachment":[{"href":"https:\/\/www.grupo7construcciones.com\/web\/wp-json\/wp\/v2\/media?parent=431"}],"curies":[{"name":"wp","href":"https:\/\/api.w.org\/{rel}","templated":true}]}}