{"id":3883,"date":"2017-03-13T19:35:17","date_gmt":"2017-03-14T00:35:17","guid":{"rendered":"https:\/\/www.grupo7construcciones.com\/web\/?page_id=3883"},"modified":"2025-04-15T11:29:22","modified_gmt":"2025-04-15T16:29:22","slug":"politica-de-privacidad","status":"publish","type":"page","link":"https:\/\/www.grupo7construcciones.com\/web\/contactanos\/politica-de-privacidad\/","title":{"rendered":"POL\u00cdTICA DE PRIVACIDAD"},"content":{"rendered":"\t\t<div data-elementor-type=\"wp-page\" data-elementor-id=\"3883\" class=\"elementor elementor-3883\">\n\t\t\t\t\t\t<section class=\"elementor-section elementor-top-section elementor-element elementor-element-ba4713b elementor-section-boxed elementor-section-height-default elementor-section-height-default\" data-id=\"ba4713b\" data-element_type=\"section\">\n\t\t\t\t\t\t<div class=\"elementor-container elementor-column-gap-default\">\n\t\t\t\t\t<div class=\"elementor-column elementor-col-100 elementor-top-column elementor-element elementor-element-afbceb6\" data-id=\"afbceb6\" data-element_type=\"column\">\n\t\t\t<div class=\"elementor-widget-wrap elementor-element-populated\">\n\t\t\t\t\t\t<div class=\"elementor-element elementor-element-988140c elementor-widget-divider--view-line elementor-widget elementor-widget-divider\" data-id=\"988140c\" data-element_type=\"widget\" data-widget_type=\"divider.default\">\n\t\t\t\t<div class=\"elementor-widget-container\">\n\t\t\t\t\t\t\t<div class=\"elementor-divider\">\n\t\t\t<span class=\"elementor-divider-separator\">\n\t\t\t\t\t\t<\/span>\n\t\t<\/div>\n\t\t\t\t\t\t<\/div>\n\t\t\t\t<\/div>\n\t\t\t\t\t<\/div>\n\t\t<\/div>\n\t\t\t\t\t<\/div>\n\t\t<\/section>\n\t\t\t\t<section class=\"elementor-section elementor-top-section elementor-element elementor-element-17047fa elementor-section-boxed elementor-section-height-default elementor-section-height-default\" data-id=\"17047fa\" data-element_type=\"section\">\n\t\t\t\t\t\t<div class=\"elementor-container elementor-column-gap-default\">\n\t\t\t\t\t<div class=\"elementor-column elementor-col-100 elementor-top-column elementor-element elementor-element-bf861a9\" data-id=\"bf861a9\" data-element_type=\"column\">\n\t\t\t<div class=\"elementor-widget-wrap elementor-element-populated\">\n\t\t\t\t\t\t<div class=\"elementor-element elementor-element-edb2b68 elementor-widget__width-initial elementor-widget elementor-widget-text-editor\" data-id=\"edb2b68\" data-element_type=\"widget\" data-widget_type=\"text-editor.default\">\n\t\t\t\t<div class=\"elementor-widget-container\">\n\t\t\t\t\t\t\t\t\t<p style=\"text-align: left;\">Pol\u00edtica de Privacidad de&nbsp;<span style=\"font-weight: bold;\">GRUPO 7 CONSTRUCCIONES<\/span><\/p>\n<p>Fecha de entrada en vigor: 07\/08\/2015<\/p>\n<p><span style=\"color: #1c304e;\">1<b>. Introducci\u00f3n.<\/b><\/span><\/p>\n<p>En<b> Grupo 7 Construcciones<\/b>, estamos comprometidos con la protecci\u00f3n de la privacidad de nuestros clientes y visitantes de nuestro sitio web. Esta pol\u00edtica de privacidad describe c\u00f3mo recopilamos, usamos y protegemos la informaci\u00f3n personal que usted proporciona a trav\u00e9s de nuestro sitio web. Al acceder a nuestro sitio web, usted acepta las pr\u00e1cticas descritas en esta pol\u00edtica de privacidad.<\/p>\n<p><b>2. Informaci\u00f3n que Recopilamos.<\/b><\/p>\n<p>Recopilamos informaci\u00f3n personal que usted proporciona voluntariamente, como su nombre, direcci\u00f3n de correo electr\u00f3nico, n\u00famero de tel\u00e9fono y direcci\u00f3n postal, cuando se registra en nuestro sitio web, solicita informaci\u00f3n o se comunica con nosotros a trav\u00e9s de formularios en l\u00ednea o correos electr\u00f3nicos.<\/p>\n<p><b>3. Uso de la Informaci\u00f3n.<\/b><\/p>\n<p>Utilizamos la informaci\u00f3n personal que recopilamos para:<\/p>\n<p>&#8211; Responder a sus consultas y proporcionarle la informaci\u00f3n solicitada sobre nuestros servicios y proyectos.<\/p>\n<p>&#8211; Enviarle actualizaciones sobre nuestros servicios, promociones y eventos, si usted ha optado por recibirlas.<\/p>\n<p>&#8211; Mejorar y personalizar su experiencia en nuestro sitio web.<\/p>\n<p>&#8211; Cumplir con nuestras obligaciones legales y proteger nuestros derechos legales.<\/p>\n<p><b>4. Compartir Informaci\u00f3n.<\/b><\/p>\n<p>No vendemos, alquilamos ni intercambiamos su informaci\u00f3n personal con terceros sin su consentimiento, excepto cuando sea necesario para cumplir con la ley o proteger nuestros derechos legales.<\/p>\n<p><b>5. Seguridad de la Informaci\u00f3n.<\/b><\/p>\n<p>Implementamos medidas de seguridad t\u00e9cnicas y organizativas para proteger su informaci\u00f3n personal contra el acceso no autorizado, la divulgaci\u00f3n, la alteraci\u00f3n y la destrucci\u00f3n. Sin embargo, tenga en cuenta que ninguna transmisi\u00f3n de datos por Internet o sistema de almacenamiento en l\u00ednea es 100% seguro y no podemos garantizar la seguridad absoluta de sus datos.<\/p>\n<p><b>6. Cambios en la Pol\u00edtica de Privacidad.<\/b><\/p>\n<p>Nos reservamos el derecho de modificar esta pol\u00edtica de privacidad en cualquier momento. Cualquier cambio significativo ser\u00e1 notificado en nuestro sitio web junto con la fecha de entrada en vigor de la nueva pol\u00edtica.<\/p>\n<p>7<b>. Contacto.<\/b><\/p>\n<p>Si tiene alguna pregunta sobre nuestra pol\u00edtica de privacidad o desea ejercer sus derechos sobre sus datos personales, p\u00f3ngase en contacto con nosotros en:<\/p>\n<p>Grupo 7 Construcciones<\/p>\n<p>Direcci\u00f3n: Carrera 9 #108a-66 &#8211; Bogot\u00e1&nbsp;&nbsp;<\/p>\n<p>Correo electr\u00f3nico: atencionalcliente@grupo7construcciones.com&nbsp;<\/p>\n<p>Tel\u00e9fono: 5202627<\/p>\n<p>Fecha de la \u00faltima actualizaci\u00f3n: 19\/10\/2023<\/p>\t\t\t\t\t\t\t\t<\/div>\n\t\t\t\t<\/div>\n\t\t\t\t\t<\/div>\n\t\t<\/div>\n\t\t\t\t\t<\/div>\n\t\t<\/section>\n\t\t\t\t<section class=\"elementor-section elementor-top-section elementor-element elementor-element-1d3d16f elementor-section-boxed elementor-section-height-default elementor-section-height-default\" data-id=\"1d3d16f\" data-element_type=\"section\">\n\t\t\t\t\t\t<div class=\"elementor-container elementor-column-gap-default\">\n\t\t\t\t\t<div class=\"elementor-column elementor-col-100 elementor-top-column elementor-element elementor-element-fa9910a\" data-id=\"fa9910a\" data-element_type=\"column\">\n\t\t\t<div class=\"elementor-widget-wrap elementor-element-populated\">\n\t\t\t\t\t\t<div class=\"elementor-element elementor-element-99e4c8b elementor-widget-divider--view-line elementor-widget elementor-widget-divider\" data-id=\"99e4c8b\" data-element_type=\"widget\" data-widget_type=\"divider.default\">\n\t\t\t\t<div class=\"elementor-widget-container\">\n\t\t\t\t\t\t\t<div class=\"elementor-divider\">\n\t\t\t<span class=\"elementor-divider-separator\">\n\t\t\t\t\t\t<\/span>\n\t\t<\/div>\n\t\t\t\t\t\t<\/div>\n\t\t\t\t<\/div>\n\t\t\t\t\t<\/div>\n\t\t<\/div>\n\t\t\t\t\t<\/div>\n\t\t<\/section>\n\t\t\t\t<\/div>\n\t\t","protected":false},"excerpt":{"rendered":"<p>Pol\u00edtica de Privacidad de&nbsp;GRUPO 7 CONSTRUCCIONES Fecha de entrada en vigor: 07\/08\/2015 1. Introducci\u00f3n. En Grupo 7 Construcciones, estamos comprometidos con la protecci\u00f3n de la privacidad de nuestros clientes y visitantes de nuestro sitio web. Esta pol\u00edtica de privacidad describe c\u00f3mo recopilamos, usamos y protegemos la informaci\u00f3n personal que usted proporciona a trav\u00e9s de nuestro [&hellip;]<\/p>\n","protected":false},"author":1,"featured_media":0,"parent":42,"menu_order":27,"comment_status":"closed","ping_status":"closed","template":"","meta":{"_acf_changed":false,"_joinchat":[],"footnotes":""},"class_list":["post-3883","page","type-page","status-publish","hentry"],"acf":[],"yoast_head":"<!-- This site is optimized with the Yoast SEO plugin v26.9 - https:\/\/yoast.com\/product\/yoast-seo-wordpress\/ -->\n<title>POL\u00cdTICA DE PRIVACIDAD - Grupo 7 Construcciones<\/title>\n<meta name=\"robots\" content=\"index, follow, max-snippet:-1, max-image-preview:large, max-video-preview:-1\" \/>\n<link rel=\"canonical\" href=\"https:\/\/www.grupo7construcciones.com\/web\/contactanos\/politica-de-privacidad\/\" \/>\n<meta property=\"og:locale\" content=\"es_ES\" \/>\n<meta property=\"og:type\" content=\"article\" \/>\n<meta property=\"og:title\" content=\"POL\u00cdTICA DE PRIVACIDAD - Grupo 7 Construcciones\" \/>\n<meta property=\"og:description\" content=\"Pol\u00edtica de Privacidad de&nbsp;GRUPO 7 CONSTRUCCIONES Fecha de entrada en vigor: 07\/08\/2015 1. Introducci\u00f3n. En Grupo 7 Construcciones, estamos comprometidos con la protecci\u00f3n de la privacidad de nuestros clientes y visitantes de nuestro sitio web. Esta pol\u00edtica de privacidad describe c\u00f3mo recopilamos, usamos y protegemos la informaci\u00f3n personal que usted proporciona a trav\u00e9s de nuestro [&hellip;]\" \/>\n<meta property=\"og:url\" content=\"https:\/\/www.grupo7construcciones.com\/web\/contactanos\/politica-de-privacidad\/\" \/>\n<meta property=\"og:site_name\" content=\"Grupo 7 Construcciones\" \/>\n<meta property=\"article:publisher\" content=\"https:\/\/www.facebook.com\/grupo7cons\" \/>\n<meta property=\"article:modified_time\" content=\"2025-04-15T16:29:22+00:00\" \/>\n<meta name=\"twitter:card\" content=\"summary_large_image\" \/>\n<meta name=\"twitter:label1\" content=\"Tiempo de lectura\" \/>\n\t<meta name=\"twitter:data1\" content=\"2 minutos\" \/>\n<script type=\"application\/ld+json\" class=\"yoast-schema-graph\">{\"@context\":\"https:\/\/schema.org\",\"@graph\":[{\"@type\":\"WebPage\",\"@id\":\"https:\/\/www.grupo7construcciones.com\/web\/contactanos\/politica-de-privacidad\/\",\"url\":\"https:\/\/www.grupo7construcciones.com\/web\/contactanos\/politica-de-privacidad\/\",\"name\":\"POL\u00cdTICA DE PRIVACIDAD - Grupo 7 Construcciones\",\"isPartOf\":{\"@id\":\"https:\/\/www.grupo7construcciones.com\/web\/#website\"},\"datePublished\":\"2017-03-14T00:35:17+00:00\",\"dateModified\":\"2025-04-15T16:29:22+00:00\",\"breadcrumb\":{\"@id\":\"https:\/\/www.grupo7construcciones.com\/web\/contactanos\/politica-de-privacidad\/#breadcrumb\"},\"inLanguage\":\"es\",\"potentialAction\":[{\"@type\":\"ReadAction\",\"target\":[\"https:\/\/www.grupo7construcciones.com\/web\/contactanos\/politica-de-privacidad\/\"]}]},{\"@type\":\"BreadcrumbList\",\"@id\":\"https:\/\/www.grupo7construcciones.com\/web\/contactanos\/politica-de-privacidad\/#breadcrumb\",\"itemListElement\":[{\"@type\":\"ListItem\",\"position\":1,\"name\":\"Portada\",\"item\":\"https:\/\/www.grupo7construcciones.com\/web\/\"},{\"@type\":\"ListItem\",\"position\":2,\"name\":\"Contacto General\",\"item\":\"https:\/\/www.grupo7construcciones.com\/web\/contactanos\/\"},{\"@type\":\"ListItem\",\"position\":3,\"name\":\"POL\u00cdTICA DE PRIVACIDAD\"}]},{\"@type\":\"WebSite\",\"@id\":\"https:\/\/www.grupo7construcciones.com\/web\/#website\",\"url\":\"https:\/\/www.grupo7construcciones.com\/web\/\",\"name\":\"Grupo 7 Construcciones\",\"description\":\"\",\"publisher\":{\"@id\":\"https:\/\/www.grupo7construcciones.com\/web\/#organization\"},\"potentialAction\":[{\"@type\":\"SearchAction\",\"target\":{\"@type\":\"EntryPoint\",\"urlTemplate\":\"https:\/\/www.grupo7construcciones.com\/web\/?s={search_term_string}\"},\"query-input\":{\"@type\":\"PropertyValueSpecification\",\"valueRequired\":true,\"valueName\":\"search_term_string\"}}],\"inLanguage\":\"es\"},{\"@type\":\"Organization\",\"@id\":\"https:\/\/www.grupo7construcciones.com\/web\/#organization\",\"name\":\"Grupo7 construcciones\",\"url\":\"https:\/\/www.grupo7construcciones.com\/web\/\",\"logo\":{\"@type\":\"ImageObject\",\"inLanguage\":\"es\",\"@id\":\"https:\/\/www.grupo7construcciones.com\/web\/#\/schema\/logo\/image\/\",\"url\":\"https:\/\/www.grupo7construcciones.com\/web\/wp-content\/uploads\/logo-azul-con-negro.png\",\"contentUrl\":\"https:\/\/www.grupo7construcciones.com\/web\/wp-content\/uploads\/logo-azul-con-negro.png\",\"width\":489,\"height\":291,\"caption\":\"Grupo7 construcciones\"},\"image\":{\"@id\":\"https:\/\/www.grupo7construcciones.com\/web\/#\/schema\/logo\/image\/\"},\"sameAs\":[\"https:\/\/www.facebook.com\/grupo7cons\",\"https:\/\/www.instagram.com\/grupo7_construcciones\/?hl=es\"]}]}<\/script>\n<!-- \/ Yoast SEO plugin. -->","yoast_head_json":{"title":"POL\u00cdTICA DE PRIVACIDAD - Grupo 7 Construcciones","robots":{"index":"index","follow":"follow","max-snippet":"max-snippet:-1","max-image-preview":"max-image-preview:large","max-video-preview":"max-video-preview:-1"},"canonical":"https:\/\/www.grupo7construcciones.com\/web\/contactanos\/politica-de-privacidad\/","og_locale":"es_ES","og_type":"article","og_title":"POL\u00cdTICA DE PRIVACIDAD - Grupo 7 Construcciones","og_description":"Pol\u00edtica de Privacidad de&nbsp;GRUPO 7 CONSTRUCCIONES Fecha de entrada en vigor: 07\/08\/2015 1. Introducci\u00f3n. En Grupo 7 Construcciones, estamos comprometidos con la protecci\u00f3n de la privacidad de nuestros clientes y visitantes de nuestro sitio web. Esta pol\u00edtica de privacidad describe c\u00f3mo recopilamos, usamos y protegemos la informaci\u00f3n personal que usted proporciona a trav\u00e9s de nuestro [&hellip;]","og_url":"https:\/\/www.grupo7construcciones.com\/web\/contactanos\/politica-de-privacidad\/","og_site_name":"Grupo 7 Construcciones","article_publisher":"https:\/\/www.facebook.com\/grupo7cons","article_modified_time":"2025-04-15T16:29:22+00:00","twitter_card":"summary_large_image","twitter_misc":{"Tiempo de lectura":"2 minutos"},"schema":{"@context":"https:\/\/schema.org","@graph":[{"@type":"WebPage","@id":"https:\/\/www.grupo7construcciones.com\/web\/contactanos\/politica-de-privacidad\/","url":"https:\/\/www.grupo7construcciones.com\/web\/contactanos\/politica-de-privacidad\/","name":"POL\u00cdTICA DE PRIVACIDAD - Grupo 7 Construcciones","isPartOf":{"@id":"https:\/\/www.grupo7construcciones.com\/web\/#website"},"datePublished":"2017-03-14T00:35:17+00:00","dateModified":"2025-04-15T16:29:22+00:00","breadcrumb":{"@id":"https:\/\/www.grupo7construcciones.com\/web\/contactanos\/politica-de-privacidad\/#breadcrumb"},"inLanguage":"es","potentialAction":[{"@type":"ReadAction","target":["https:\/\/www.grupo7construcciones.com\/web\/contactanos\/politica-de-privacidad\/"]}]},{"@type":"BreadcrumbList","@id":"https:\/\/www.grupo7construcciones.com\/web\/contactanos\/politica-de-privacidad\/#breadcrumb","itemListElement":[{"@type":"ListItem","position":1,"name":"Portada","item":"https:\/\/www.grupo7construcciones.com\/web\/"},{"@type":"ListItem","position":2,"name":"Contacto General","item":"https:\/\/www.grupo7construcciones.com\/web\/contactanos\/"},{"@type":"ListItem","position":3,"name":"POL\u00cdTICA DE PRIVACIDAD"}]},{"@type":"WebSite","@id":"https:\/\/www.grupo7construcciones.com\/web\/#website","url":"https:\/\/www.grupo7construcciones.com\/web\/","name":"Grupo 7 Construcciones","description":"","publisher":{"@id":"https:\/\/www.grupo7construcciones.com\/web\/#organization"},"potentialAction":[{"@type":"SearchAction","target":{"@type":"EntryPoint","urlTemplate":"https:\/\/www.grupo7construcciones.com\/web\/?s={search_term_string}"},"query-input":{"@type":"PropertyValueSpecification","valueRequired":true,"valueName":"search_term_string"}}],"inLanguage":"es"},{"@type":"Organization","@id":"https:\/\/www.grupo7construcciones.com\/web\/#organization","name":"Grupo7 construcciones","url":"https:\/\/www.grupo7construcciones.com\/web\/","logo":{"@type":"ImageObject","inLanguage":"es","@id":"https:\/\/www.grupo7construcciones.com\/web\/#\/schema\/logo\/image\/","url":"https:\/\/www.grupo7construcciones.com\/web\/wp-content\/uploads\/logo-azul-con-negro.png","contentUrl":"https:\/\/www.grupo7construcciones.com\/web\/wp-content\/uploads\/logo-azul-con-negro.png","width":489,"height":291,"caption":"Grupo7 construcciones"},"image":{"@id":"https:\/\/www.grupo7construcciones.com\/web\/#\/schema\/logo\/image\/"},"sameAs":["https:\/\/www.facebook.com\/grupo7cons","https:\/\/www.instagram.com\/grupo7_construcciones\/?hl=es"]}]}},"_links":{"self":[{"href":"https:\/\/www.grupo7construcciones.com\/web\/wp-json\/wp\/v2\/pages\/3883","targetHints":{"allow":["GET"]}}],"collection":[{"href":"https:\/\/www.grupo7construcciones.com\/web\/wp-json\/wp\/v2\/pages"}],"about":[{"href":"https:\/\/www.grupo7construcciones.com\/web\/wp-json\/wp\/v2\/types\/page"}],"author":[{"embeddable":true,"href":"https:\/\/www.grupo7construcciones.com\/web\/wp-json\/wp\/v2\/users\/1"}],"replies":[{"embeddable":true,"href":"https:\/\/www.grupo7construcciones.com\/web\/wp-json\/wp\/v2\/comments?post=3883"}],"version-history":[{"count":5,"href":"https:\/\/www.grupo7construcciones.com\/web\/wp-json\/wp\/v2\/pages\/3883\/revisions"}],"predecessor-version":[{"id":15582,"href":"https:\/\/www.grupo7construcciones.com\/web\/wp-json\/wp\/v2\/pages\/3883\/revisions\/15582"}],"up":[{"embeddable":true,"href":"https:\/\/www.grupo7construcciones.com\/web\/wp-json\/wp\/v2\/pages\/42"}],"wp:attachment":[{"href":"https:\/\/www.grupo7construcciones.com\/web\/wp-json\/wp\/v2\/media?parent=3883"}],"curies":[{"name":"wp","href":"https:\/\/api.w.org\/{rel}","templated":true}]}}