{"id":28,"date":"2015-08-07T11:45:42","date_gmt":"2015-08-07T16:45:42","guid":{"rendered":"https:\/\/www.grupo7construcciones.com\/web\/?page_id=28"},"modified":"2024-04-15T19:11:20","modified_gmt":"2024-04-16T00:11:20","slug":"oficinas","status":"publish","type":"page","link":"https:\/\/www.grupo7construcciones.com\/web\/proyectos-en-venta\/oficinas\/","title":{"rendered":"OFICINAS"},"content":{"rendered":"\t\t<div data-elementor-type=\"wp-page\" data-elementor-id=\"28\" class=\"elementor elementor-28\">\n\t\t\t\t\t\t<section class=\"elementor-section elementor-top-section elementor-element elementor-element-cad243d elementor-section-boxed elementor-section-height-default elementor-section-height-default\" data-id=\"cad243d\" data-element_type=\"section\">\n\t\t\t\t\t\t<div class=\"elementor-container elementor-column-gap-default\">\n\t\t\t\t\t<div class=\"elementor-column elementor-col-100 elementor-top-column elementor-element elementor-element-c6821c7\" data-id=\"c6821c7\" data-element_type=\"column\">\n\t\t\t<div class=\"elementor-widget-wrap elementor-element-populated\">\n\t\t\t\t\t\t<div class=\"elementor-element elementor-element-b03b218 elementor-widget elementor-widget-heading\" data-id=\"b03b218\" data-element_type=\"widget\" data-widget_type=\"heading.default\">\n\t\t\t\t<div class=\"elementor-widget-container\">\n\t\t\t\t\t<h2 class=\"elementor-heading-title elementor-size-default\">Oficinas<\/h2>\t\t\t\t<\/div>\n\t\t\t\t<\/div>\n\t\t\t\t\t<\/div>\n\t\t<\/div>\n\t\t\t\t\t<\/div>\n\t\t<\/section>\n\t\t\t\t<section class=\"elementor-section elementor-top-section elementor-element elementor-element-08b2413 elementor-section-boxed elementor-section-height-default elementor-section-height-default\" data-id=\"08b2413\" data-element_type=\"section\">\n\t\t\t\t\t\t<div class=\"elementor-container elementor-column-gap-default\">\n\t\t\t\t\t<div class=\"elementor-column elementor-col-100 elementor-top-column elementor-element elementor-element-d62e572\" data-id=\"d62e572\" data-element_type=\"column\">\n\t\t\t<div class=\"elementor-widget-wrap elementor-element-populated\">\n\t\t\t\t\t\t<div class=\"elementor-element elementor-element-f80bc50 elementor-widget elementor-widget-wp-widget-sow-post-carousel\" data-id=\"f80bc50\" data-element_type=\"widget\" data-widget_type=\"wp-widget-sow-post-carousel.default\">\n\t\t\t\t<div class=\"elementor-widget-container\">\n\t\t\t\t\t<div\n\t\t\t\n\t\t\tclass=\"so-widget-sow-post-carousel so-widget-sow-post-carousel-base-f5cc1b114415\"\n\t\t\t\n\t\t>\t<div\n\t\tclass=\"sow-post-carousel-wrapper sow-post-carousel-theme-base\"\n\t\tstyle=\"overflow: hidden; max-width: 100%; min-height: 305px\"\n\t>\n\t\t<div class=\"sow-carousel-title\">\n\t\t\t<div class=\"sow-carousel-navigation \">\n\t\t\t\t\t\t<a href=\"#\" class=\"sow-carousel-next\" title=\"Siguiente\" aria-label=\"Entradas siguientes\" role=\"button\"><\/a>\n\t\t\t\t\t\t<a href=\"#\" class=\"sow-carousel-previous\" title=\"Anterior\" aria-label=\"Entradas anteriores\" role=\"button\"><\/a>\n\t\t\t\t\t<\/div>\n\t<\/div>\n\n<div class=\"sow-carousel-container \">\n\t\t<div class=\"sow-carousel-wrapper\"\n\t\tdata-dir=\"ltr\"\n\t\tstyle=\"opacity: 0;\"\n\t\tdata-widget=\"post\" data-fetching=\"false\" data-page=\"1\" data-ajax-url=\"https:\/\/www.grupo7construcciones.com\/web\/wp-admin\/admin-ajax.php?_widgets_nonce=f9fbc2e6f8\" data-item_count=\"5\" data-carousel_settings=\"{&quot;loop&quot;:true,&quot;animation&quot;:&quot;&quot;,&quot;animation_speed&quot;:800,&quot;autoplay&quot;:&quot;&quot;,&quot;pauseOnHover&quot;:&quot;&quot;,&quot;autoplaySpeed&quot;:8000,&quot;item_overflow&quot;:true,&quot;autoplay_continuous_scroll&quot;:false}\" data-responsive=\"{&quot;desktop_slides_to_scroll&quot;:1,&quot;tablet_landscape_breakpoint&quot;:1366,&quot;tablet_landscape_slides_to_scroll&quot;:2,&quot;tablet_portrait_breakpoint&quot;:1025,&quot;tablet_portrait_slides_to_scroll&quot;:2,&quot;mobile_breakpoint&quot;:480,&quot;mobile_slides_to_scroll&quot;:1}\" data-variable_width=\"true\" \t>\n\t\t<div\n\t\t\tclass=\"sow-carousel-items\"\n\t\t\t\t\t>\n\t\t\t\t<div class=\"sow-carousel-item\" tabindex=\"-1\" style=\"float: left;\">\n\t\t<div class=\"sow-carousel-thumbnail\">\n\t\t\t\t\t\t\t<a\n\t\t\t\t\thref=\"https:\/\/www.grupo7construcciones.com\/web\/oficinas-grupo-7-t4\/\"\n\t\t\t\t\tclass=\"sow-carousel-default-thumbnail\"\n\t\t\t\t\t\t\t\t\t\t\t\t\t\t\taria-labelledby=\"sow-carousel-id-1092\"\n\t\t\t\t\ttabindex=\"-1\"\n\t\t\t\t>\n\t\t\t\t\t<span class=\"overlay\"><\/span>\n\t\t\t\t<\/a>\n\t\t\t\t\t<\/div>\n\t\t<h3 class=\"sow-carousel-item-title\">\n\t\t\t<a\n\t\t\t\thref=\"https:\/\/www.grupo7construcciones.com\/web\/oficinas-grupo-7-t4\/\"\n\t\t\t\tid=\"sow-carousel-id-1092\"\n\t\t\t\t\t\t\t\ttabindex=\"-1\"\n\t\t\t>\n\n\t\t\t\tOficinas Grupo 7 T4 &#8211; 2010\t\t\t<\/a>\n\t\t<\/h3>\n\t<\/div>\n\t\t<div class=\"sow-carousel-item\" tabindex=\"-1\" style=\"float: left;\">\n\t\t<div class=\"sow-carousel-thumbnail\">\n\t\t\t\t\t\t\t<a\n\t\t\t\t\thref=\"https:\/\/www.grupo7construcciones.com\/web\/oficinas-grupo-7-t3\/\"\n\t\t\t\t\t\t\t\t\t\tstyle=\"background-image: url( https:\/\/www.grupo7construcciones.com\/web\/wp-content\/uploads\/torres-3-oficinas-1-305x305.jpg )\"\n\t\t\t\t\taria-labelledby=\"sow-carousel-id-1086\"\n\t\t\t\t\ttabindex=\"-1\"\n\t\t\t\t>\n\t\t\t\t\t<span class=\"overlay\"><\/span>\n\t\t\t\t<\/a>\n\t\t\t\t\t<\/div>\n\t\t<h3 class=\"sow-carousel-item-title\">\n\t\t\t<a\n\t\t\t\thref=\"https:\/\/www.grupo7construcciones.com\/web\/oficinas-grupo-7-t3\/\"\n\t\t\t\tid=\"sow-carousel-id-1086\"\n\t\t\t\t\t\t\t\ttabindex=\"-1\"\n\t\t\t>\n\n\t\t\t\tOficinas Grupo 7 T3 &#8211; 2009\t\t\t<\/a>\n\t\t<\/h3>\n\t<\/div>\n\t\t<div class=\"sow-carousel-item\" tabindex=\"-1\" style=\"float: left;\">\n\t\t<div class=\"sow-carousel-thumbnail\">\n\t\t\t\t\t\t\t<a\n\t\t\t\t\thref=\"https:\/\/www.grupo7construcciones.com\/web\/oficinas-grupo-7-t1\/\"\n\t\t\t\t\tclass=\"sow-carousel-default-thumbnail\"\n\t\t\t\t\t\t\t\t\t\t\t\t\t\t\taria-labelledby=\"sow-carousel-id-1075\"\n\t\t\t\t\ttabindex=\"-1\"\n\t\t\t\t>\n\t\t\t\t\t<span class=\"overlay\"><\/span>\n\t\t\t\t<\/a>\n\t\t\t\t\t<\/div>\n\t\t<h3 class=\"sow-carousel-item-title\">\n\t\t\t<a\n\t\t\t\thref=\"https:\/\/www.grupo7construcciones.com\/web\/oficinas-grupo-7-t1\/\"\n\t\t\t\tid=\"sow-carousel-id-1075\"\n\t\t\t\t\t\t\t\ttabindex=\"-1\"\n\t\t\t>\n\n\t\t\t\tOficinas Grupo 7  T1 &#8211; 2007\t\t\t<\/a>\n\t\t<\/h3>\n\t<\/div>\n\t\t<div class=\"sow-carousel-item\" tabindex=\"-1\" style=\"float: left;\">\n\t\t<div class=\"sow-carousel-thumbnail\">\n\t\t\t\t\t\t\t<a\n\t\t\t\t\thref=\"https:\/\/www.grupo7construcciones.com\/web\/oficinas-grupo-7-torre-11\/\"\n\t\t\t\t\t\t\t\t\t\tstyle=\"background-image: url( https:\/\/www.grupo7construcciones.com\/web\/wp-content\/uploads\/t11-305x305.png )\"\n\t\t\t\t\taria-labelledby=\"sow-carousel-id-613\"\n\t\t\t\t\ttabindex=\"-1\"\n\t\t\t\t>\n\t\t\t\t\t<span class=\"overlay\"><\/span>\n\t\t\t\t<\/a>\n\t\t\t\t\t<\/div>\n\t\t<h3 class=\"sow-carousel-item-title\">\n\t\t\t<a\n\t\t\t\thref=\"https:\/\/www.grupo7construcciones.com\/web\/oficinas-grupo-7-torre-11\/\"\n\t\t\t\tid=\"sow-carousel-id-613\"\n\t\t\t\t\t\t\t\ttabindex=\"-1\"\n\t\t\t>\n\n\t\t\t\tOficinas Grupo 7 T11 &#8211; 2015\t\t\t<\/a>\n\t\t<\/h3>\n\t<\/div>\n\t\t<div class=\"sow-carousel-item\" tabindex=\"-1\" style=\"float: left;\">\n\t\t<div class=\"sow-carousel-thumbnail\">\n\t\t\t\t\t\t\t<a\n\t\t\t\t\thref=\"https:\/\/www.grupo7construcciones.com\/web\/oficinas-grupo-7-torre-9\/\"\n\t\t\t\t\tclass=\"sow-carousel-default-thumbnail\"\n\t\t\t\t\t\t\t\t\t\t\t\t\t\t\taria-labelledby=\"sow-carousel-id-608\"\n\t\t\t\t\ttabindex=\"-1\"\n\t\t\t\t>\n\t\t\t\t\t<span class=\"overlay\"><\/span>\n\t\t\t\t<\/a>\n\t\t\t\t\t<\/div>\n\t\t<h3 class=\"sow-carousel-item-title\">\n\t\t\t<a\n\t\t\t\thref=\"https:\/\/www.grupo7construcciones.com\/web\/oficinas-grupo-7-torre-9\/\"\n\t\t\t\tid=\"sow-carousel-id-608\"\n\t\t\t\t\t\t\t\ttabindex=\"-1\"\n\t\t\t>\n\n\t\t\t\tOficinas Grupo 7 T9 &#8211; 2014\t\t\t<\/a>\n\t\t<\/h3>\n\t<\/div>\n\t\t\t<\/div>\n\t\t\t<\/div>\n\n\t<\/div>\n\t\t<input type=\"hidden\" name=\"instance_hash\" value=\"b5f044c0\"\/>\n\t<\/div>\n<\/div>\t\t\t\t<\/div>\n\t\t\t\t<\/div>\n\t\t\t\t\t<\/div>\n\t\t<\/div>\n\t\t\t\t\t<\/div>\n\t\t<\/section>\n\t\t\t\t<section class=\"elementor-section elementor-top-section elementor-element elementor-element-61d0ebd elementor-section-boxed elementor-section-height-default elementor-section-height-default\" data-id=\"61d0ebd\" data-element_type=\"section\">\n\t\t\t\t\t\t<div class=\"elementor-container elementor-column-gap-default\">\n\t\t\t\t\t<div class=\"elementor-column elementor-col-100 elementor-top-column elementor-element elementor-element-5b1adb1\" data-id=\"5b1adb1\" data-element_type=\"column\">\n\t\t\t<div class=\"elementor-widget-wrap elementor-element-populated\">\n\t\t\t\t\t\t<div class=\"elementor-element elementor-element-93b2136 elementor-widget-divider--view-line elementor-widget elementor-widget-divider\" data-id=\"93b2136\" data-element_type=\"widget\" data-widget_type=\"divider.default\">\n\t\t\t\t<div class=\"elementor-widget-container\">\n\t\t\t\t\t\t\t<div class=\"elementor-divider\">\n\t\t\t<span class=\"elementor-divider-separator\">\n\t\t\t\t\t\t<\/span>\n\t\t<\/div>\n\t\t\t\t\t\t<\/div>\n\t\t\t\t<\/div>\n\t\t\t\t\t<\/div>\n\t\t<\/div>\n\t\t\t\t\t<\/div>\n\t\t<\/section>\n\t\t\t\t<section class=\"elementor-section elementor-top-section elementor-element elementor-element-70d11f9 elementor-section-boxed elementor-section-height-default elementor-section-height-default\" data-id=\"70d11f9\" data-element_type=\"section\">\n\t\t\t\t\t\t<div class=\"elementor-container elementor-column-gap-default\">\n\t\t\t\t\t<div class=\"elementor-column elementor-col-100 elementor-top-column elementor-element elementor-element-64b64ac\" data-id=\"64b64ac\" data-element_type=\"column\">\n\t\t\t<div class=\"elementor-widget-wrap elementor-element-populated\">\n\t\t\t\t\t\t<div class=\"elementor-element elementor-element-7a9a4e5 elementor-widget elementor-widget-heading\" data-id=\"7a9a4e5\" data-element_type=\"widget\" data-widget_type=\"heading.default\">\n\t\t\t\t<div class=\"elementor-widget-container\">\n\t\t\t\t\t<h5 class=\"elementor-heading-title elementor-size-default\"><p class=\"MsoNormal\"><span lang=\"ES\">D\u00e9janos tu datos y\nuno de nuestros asesores se pondr\u00e1 en contacto lo m\u00e1s pronto posible. <\/span><span style=\"color: var(--sydney-headings-color)\"><\/span><\/p><\/h5>\t\t\t\t<\/div>\n\t\t\t\t<\/div>\n\t\t\t\t\t<\/div>\n\t\t<\/div>\n\t\t\t\t\t<\/div>\n\t\t<\/section>\n\t\t\t\t<section class=\"elementor-section elementor-top-section elementor-element elementor-element-fcfdb00 elementor-section-boxed elementor-section-height-default elementor-section-height-default\" data-id=\"fcfdb00\" data-element_type=\"section\">\n\t\t\t\t\t\t<div class=\"elementor-container elementor-column-gap-default\">\n\t\t\t\t\t<div class=\"elementor-column elementor-col-50 elementor-top-column elementor-element elementor-element-5255702\" data-id=\"5255702\" data-element_type=\"column\">\n\t\t\t<div class=\"elementor-widget-wrap elementor-element-populated\">\n\t\t\t\t\t\t<div class=\"elementor-element elementor-element-5ddc46f elementor-widget elementor-widget-image\" data-id=\"5ddc46f\" data-element_type=\"widget\" data-widget_type=\"image.default\">\n\t\t\t\t<div class=\"elementor-widget-container\">\n\t\t\t\t\t\t\t\t\t\t\t\t\t\t\t<img decoding=\"async\" src=\"https:\/\/www.grupo7construcciones.com\/web\/wp-content\/uploads\/5124556.jpg\" title=\"\" alt=\"\" loading=\"lazy\" \/>\t\t\t\t\t\t\t\t\t\t\t\t\t\t\t<\/div>\n\t\t\t\t<\/div>\n\t\t\t\t\t<\/div>\n\t\t<\/div>\n\t\t\t\t<div class=\"elementor-column elementor-col-50 elementor-top-column elementor-element elementor-element-dc8a092\" data-id=\"dc8a092\" data-element_type=\"column\">\n\t\t\t<div class=\"elementor-widget-wrap elementor-element-populated\">\n\t\t\t\t\t\t<div class=\"elementor-element elementor-element-4373842 elementor-widget elementor-widget-content_form_contact\" data-id=\"4373842\" data-element_type=\"widget\" data-widget_type=\"content_form_contact.default\">\n\t\t\t\t<div class=\"elementor-widget-container\">\n\t\t\t\t\t<form action=\"https:\/\/www.grupo7construcciones.com\/web\/wp-admin\/admin-post.php\" method=\"post\" name=\"content-form-4373842\" id=\"content-form-4373842\" class=\"ti-cf-module content-form content-form-contact content_form_contact\"><input type=\"hidden\" id=\"_wpnonce_contact\" name=\"_wpnonce_contact\" value=\"b49c4732ac\" \/><input type=\"hidden\" name=\"_wp_http_referer\" value=\"\/web\/wp-json\/wp\/v2\/pages\/28\" \/><input type=\"hidden\" name=\"action\" value=\"content_form_submit\" \/><input type=\"hidden\" name=\"form-type\" value=\"contact\" \/><input type=\"hidden\" name=\"form-builder\" value=\"elementor\" \/><input type=\"hidden\" name=\"post-id\" value=\"608\" \/><input type=\"hidden\" name=\"form-id\" value=\"4373842\" \/><fieldset class=\"content-form-field-text elementor-column elementor-col-100\"><label for=\"data[4373842][name]\" ><\/label><input type=\"text\" name=\"data[4373842][name]\" id=\"data[4373842][name]\" required=\"required\"  placeholder=\"Nombre\"><\/fieldset><fieldset class=\"content-form-field-email elementor-column elementor-col-100\"><label for=\"data[4373842][email]\" ><\/label><input type=\"text\" name=\"data[4373842][email]\" id=\"data[4373842][email]\" required=\"required\"  placeholder=\"Correo\"><\/fieldset><fieldset class=\"content-form-field-number elementor-column elementor-col-100\"><label for=\"data[4373842][phone]\" ><\/label><input type=\"text\" name=\"data[4373842][phone]\" id=\"data[4373842][phone]\" required=\"required\"  placeholder=\"N\u00famero de contacto\"><\/fieldset><fieldset class=\"content-form-field-text elementor-column elementor-col-100\"><label for=\"data[4373842][proyecto]\" ><\/label><input type=\"text\" name=\"data[4373842][proyecto]\" id=\"data[4373842][proyecto]\" required=\"required\"  placeholder=\"Nombre del proyecto\"><\/fieldset><fieldset class=\"content-form-field-textarea elementor-column elementor-col-100\"><label for=\"data[4373842][message]\" ><\/label><textarea name=\"data[4373842][message]\" id=\"data[4373842][message]\"  required=\"required\" placeholder=\"Mensaje\" cols=\"30\" rows=\"5\"><\/textarea><\/fieldset><fieldset class=\"submit-form contact\"><button type=\"submit\" name=\"submit\"  value=\"submit-contact-4373842\" class=\"\">Enviar<\/button><\/fieldset><\/form>\t\t\t\t<\/div>\n\t\t\t\t<\/div>\n\t\t\t\t\t<\/div>\n\t\t<\/div>\n\t\t\t\t\t<\/div>\n\t\t<\/section>\n\t\t\t\t<\/div>\n\t\t","protected":false},"excerpt":{"rendered":"<p>Oficinas D\u00e9janos tu datos y uno de nuestros asesores se pondr\u00e1 en contacto lo m\u00e1s pronto posible. Enviar<\/p>\n","protected":false},"author":1,"featured_media":0,"parent":19,"menu_order":15,"comment_status":"closed","ping_status":"closed","template":"","meta":{"_acf_changed":false,"_joinchat":[],"footnotes":""},"class_list":["post-28","page","type-page","status-publish","hentry"],"acf":[],"yoast_head":"<!-- This site is optimized with the Yoast SEO plugin v26.9 - https:\/\/yoast.com\/product\/yoast-seo-wordpress\/ -->\n<title>Oficinas Bogot\u00e1 - Grupo 7 Construcciones<\/title>\n<meta name=\"description\" content=\"Venta oficinas en Bogot\u00e1, Tenemos una financiaci\u00f3n del 20%. M\u00e1s informaci\u00f3n 520 87 55\" \/>\n<meta name=\"robots\" content=\"index, follow, max-snippet:-1, max-image-preview:large, max-video-preview:-1\" \/>\n<link rel=\"canonical\" href=\"https:\/\/www.grupo7construcciones.com\/web\/proyectos-en-venta\/oficinas\/\" \/>\n<meta property=\"og:locale\" content=\"es_ES\" \/>\n<meta property=\"og:type\" content=\"article\" \/>\n<meta property=\"og:title\" content=\"Oficinas Bogot\u00e1 - Grupo 7 Construcciones\" \/>\n<meta property=\"og:description\" content=\"Venta oficinas en Bogot\u00e1, Tenemos una financiaci\u00f3n del 20%. M\u00e1s informaci\u00f3n 520 87 55\" \/>\n<meta property=\"og:url\" content=\"https:\/\/www.grupo7construcciones.com\/web\/proyectos-en-venta\/oficinas\/\" \/>\n<meta property=\"og:site_name\" content=\"Grupo 7 Construcciones\" \/>\n<meta property=\"article:publisher\" content=\"https:\/\/www.facebook.com\/grupo7cons\" \/>\n<meta property=\"article:modified_time\" content=\"2024-04-16T00:11:20+00:00\" \/>\n<meta property=\"og:image\" content=\"https:\/\/www.grupo7construcciones.com\/web\/wp-content\/uploads\/5124556-1024x1024.jpg\" \/>\n<meta name=\"twitter:card\" content=\"summary_large_image\" \/>\n<meta name=\"twitter:label1\" content=\"Tiempo de lectura\" \/>\n\t<meta name=\"twitter:data1\" content=\"1 minuto\" \/>\n<script type=\"application\/ld+json\" class=\"yoast-schema-graph\">{\"@context\":\"https:\/\/schema.org\",\"@graph\":[{\"@type\":\"WebPage\",\"@id\":\"https:\/\/www.grupo7construcciones.com\/web\/proyectos-en-venta\/oficinas\/\",\"url\":\"https:\/\/www.grupo7construcciones.com\/web\/proyectos-en-venta\/oficinas\/\",\"name\":\"Oficinas Bogot\u00e1 - Grupo 7 Construcciones\",\"isPartOf\":{\"@id\":\"https:\/\/www.grupo7construcciones.com\/web\/#website\"},\"primaryImageOfPage\":{\"@id\":\"https:\/\/www.grupo7construcciones.com\/web\/proyectos-en-venta\/oficinas\/#primaryimage\"},\"image\":{\"@id\":\"https:\/\/www.grupo7construcciones.com\/web\/proyectos-en-venta\/oficinas\/#primaryimage\"},\"thumbnailUrl\":\"https:\/\/www.grupo7construcciones.com\/web\/wp-content\/uploads\/5124556-1024x1024.jpg\",\"datePublished\":\"2015-08-07T16:45:42+00:00\",\"dateModified\":\"2024-04-16T00:11:20+00:00\",\"description\":\"Venta oficinas en Bogot\u00e1, Tenemos una financiaci\u00f3n del 20%. M\u00e1s informaci\u00f3n 520 87 55\",\"breadcrumb\":{\"@id\":\"https:\/\/www.grupo7construcciones.com\/web\/proyectos-en-venta\/oficinas\/#breadcrumb\"},\"inLanguage\":\"es\",\"potentialAction\":[{\"@type\":\"ReadAction\",\"target\":[\"https:\/\/www.grupo7construcciones.com\/web\/proyectos-en-venta\/oficinas\/\"]}]},{\"@type\":\"ImageObject\",\"inLanguage\":\"es\",\"@id\":\"https:\/\/www.grupo7construcciones.com\/web\/proyectos-en-venta\/oficinas\/#primaryimage\",\"url\":\"https:\/\/www.grupo7construcciones.com\/web\/wp-content\/uploads\/5124556-1024x1024.jpg\",\"contentUrl\":\"https:\/\/www.grupo7construcciones.com\/web\/wp-content\/uploads\/5124556-1024x1024.jpg\"},{\"@type\":\"BreadcrumbList\",\"@id\":\"https:\/\/www.grupo7construcciones.com\/web\/proyectos-en-venta\/oficinas\/#breadcrumb\",\"itemListElement\":[{\"@type\":\"ListItem\",\"position\":1,\"name\":\"Portada\",\"item\":\"https:\/\/www.grupo7construcciones.com\/web\/\"},{\"@type\":\"ListItem\",\"position\":2,\"name\":\"Proyectos en venta\",\"item\":\"https:\/\/www.grupo7construcciones.com\/web\/proyectos-en-venta\/\"},{\"@type\":\"ListItem\",\"position\":3,\"name\":\"OFICINAS\"}]},{\"@type\":\"WebSite\",\"@id\":\"https:\/\/www.grupo7construcciones.com\/web\/#website\",\"url\":\"https:\/\/www.grupo7construcciones.com\/web\/\",\"name\":\"Grupo 7 Construcciones\",\"description\":\"\",\"publisher\":{\"@id\":\"https:\/\/www.grupo7construcciones.com\/web\/#organization\"},\"potentialAction\":[{\"@type\":\"SearchAction\",\"target\":{\"@type\":\"EntryPoint\",\"urlTemplate\":\"https:\/\/www.grupo7construcciones.com\/web\/?s={search_term_string}\"},\"query-input\":{\"@type\":\"PropertyValueSpecification\",\"valueRequired\":true,\"valueName\":\"search_term_string\"}}],\"inLanguage\":\"es\"},{\"@type\":\"Organization\",\"@id\":\"https:\/\/www.grupo7construcciones.com\/web\/#organization\",\"name\":\"Grupo7 construcciones\",\"url\":\"https:\/\/www.grupo7construcciones.com\/web\/\",\"logo\":{\"@type\":\"ImageObject\",\"inLanguage\":\"es\",\"@id\":\"https:\/\/www.grupo7construcciones.com\/web\/#\/schema\/logo\/image\/\",\"url\":\"https:\/\/www.grupo7construcciones.com\/web\/wp-content\/uploads\/logo-azul-con-negro.png\",\"contentUrl\":\"https:\/\/www.grupo7construcciones.com\/web\/wp-content\/uploads\/logo-azul-con-negro.png\",\"width\":489,\"height\":291,\"caption\":\"Grupo7 construcciones\"},\"image\":{\"@id\":\"https:\/\/www.grupo7construcciones.com\/web\/#\/schema\/logo\/image\/\"},\"sameAs\":[\"https:\/\/www.facebook.com\/grupo7cons\",\"https:\/\/www.instagram.com\/grupo7_construcciones\/?hl=es\"]}]}<\/script>\n<!-- \/ Yoast SEO plugin. -->","yoast_head_json":{"title":"Oficinas Bogot\u00e1 - Grupo 7 Construcciones","description":"Venta oficinas en Bogot\u00e1, Tenemos una financiaci\u00f3n del 20%. M\u00e1s informaci\u00f3n 520 87 55","robots":{"index":"index","follow":"follow","max-snippet":"max-snippet:-1","max-image-preview":"max-image-preview:large","max-video-preview":"max-video-preview:-1"},"canonical":"https:\/\/www.grupo7construcciones.com\/web\/proyectos-en-venta\/oficinas\/","og_locale":"es_ES","og_type":"article","og_title":"Oficinas Bogot\u00e1 - Grupo 7 Construcciones","og_description":"Venta oficinas en Bogot\u00e1, Tenemos una financiaci\u00f3n del 20%. M\u00e1s informaci\u00f3n 520 87 55","og_url":"https:\/\/www.grupo7construcciones.com\/web\/proyectos-en-venta\/oficinas\/","og_site_name":"Grupo 7 Construcciones","article_publisher":"https:\/\/www.facebook.com\/grupo7cons","article_modified_time":"2024-04-16T00:11:20+00:00","og_image":[{"url":"https:\/\/www.grupo7construcciones.com\/web\/wp-content\/uploads\/5124556-1024x1024.jpg","type":"","width":"","height":""}],"twitter_card":"summary_large_image","twitter_misc":{"Tiempo de lectura":"1 minuto"},"schema":{"@context":"https:\/\/schema.org","@graph":[{"@type":"WebPage","@id":"https:\/\/www.grupo7construcciones.com\/web\/proyectos-en-venta\/oficinas\/","url":"https:\/\/www.grupo7construcciones.com\/web\/proyectos-en-venta\/oficinas\/","name":"Oficinas Bogot\u00e1 - Grupo 7 Construcciones","isPartOf":{"@id":"https:\/\/www.grupo7construcciones.com\/web\/#website"},"primaryImageOfPage":{"@id":"https:\/\/www.grupo7construcciones.com\/web\/proyectos-en-venta\/oficinas\/#primaryimage"},"image":{"@id":"https:\/\/www.grupo7construcciones.com\/web\/proyectos-en-venta\/oficinas\/#primaryimage"},"thumbnailUrl":"https:\/\/www.grupo7construcciones.com\/web\/wp-content\/uploads\/5124556-1024x1024.jpg","datePublished":"2015-08-07T16:45:42+00:00","dateModified":"2024-04-16T00:11:20+00:00","description":"Venta oficinas en Bogot\u00e1, Tenemos una financiaci\u00f3n del 20%. M\u00e1s informaci\u00f3n 520 87 55","breadcrumb":{"@id":"https:\/\/www.grupo7construcciones.com\/web\/proyectos-en-venta\/oficinas\/#breadcrumb"},"inLanguage":"es","potentialAction":[{"@type":"ReadAction","target":["https:\/\/www.grupo7construcciones.com\/web\/proyectos-en-venta\/oficinas\/"]}]},{"@type":"ImageObject","inLanguage":"es","@id":"https:\/\/www.grupo7construcciones.com\/web\/proyectos-en-venta\/oficinas\/#primaryimage","url":"https:\/\/www.grupo7construcciones.com\/web\/wp-content\/uploads\/5124556-1024x1024.jpg","contentUrl":"https:\/\/www.grupo7construcciones.com\/web\/wp-content\/uploads\/5124556-1024x1024.jpg"},{"@type":"BreadcrumbList","@id":"https:\/\/www.grupo7construcciones.com\/web\/proyectos-en-venta\/oficinas\/#breadcrumb","itemListElement":[{"@type":"ListItem","position":1,"name":"Portada","item":"https:\/\/www.grupo7construcciones.com\/web\/"},{"@type":"ListItem","position":2,"name":"Proyectos en venta","item":"https:\/\/www.grupo7construcciones.com\/web\/proyectos-en-venta\/"},{"@type":"ListItem","position":3,"name":"OFICINAS"}]},{"@type":"WebSite","@id":"https:\/\/www.grupo7construcciones.com\/web\/#website","url":"https:\/\/www.grupo7construcciones.com\/web\/","name":"Grupo 7 Construcciones","description":"","publisher":{"@id":"https:\/\/www.grupo7construcciones.com\/web\/#organization"},"potentialAction":[{"@type":"SearchAction","target":{"@type":"EntryPoint","urlTemplate":"https:\/\/www.grupo7construcciones.com\/web\/?s={search_term_string}"},"query-input":{"@type":"PropertyValueSpecification","valueRequired":true,"valueName":"search_term_string"}}],"inLanguage":"es"},{"@type":"Organization","@id":"https:\/\/www.grupo7construcciones.com\/web\/#organization","name":"Grupo7 construcciones","url":"https:\/\/www.grupo7construcciones.com\/web\/","logo":{"@type":"ImageObject","inLanguage":"es","@id":"https:\/\/www.grupo7construcciones.com\/web\/#\/schema\/logo\/image\/","url":"https:\/\/www.grupo7construcciones.com\/web\/wp-content\/uploads\/logo-azul-con-negro.png","contentUrl":"https:\/\/www.grupo7construcciones.com\/web\/wp-content\/uploads\/logo-azul-con-negro.png","width":489,"height":291,"caption":"Grupo7 construcciones"},"image":{"@id":"https:\/\/www.grupo7construcciones.com\/web\/#\/schema\/logo\/image\/"},"sameAs":["https:\/\/www.facebook.com\/grupo7cons","https:\/\/www.instagram.com\/grupo7_construcciones\/?hl=es"]}]}},"_links":{"self":[{"href":"https:\/\/www.grupo7construcciones.com\/web\/wp-json\/wp\/v2\/pages\/28","targetHints":{"allow":["GET"]}}],"collection":[{"href":"https:\/\/www.grupo7construcciones.com\/web\/wp-json\/wp\/v2\/pages"}],"about":[{"href":"https:\/\/www.grupo7construcciones.com\/web\/wp-json\/wp\/v2\/types\/page"}],"author":[{"embeddable":true,"href":"https:\/\/www.grupo7construcciones.com\/web\/wp-json\/wp\/v2\/users\/1"}],"replies":[{"embeddable":true,"href":"https:\/\/www.grupo7construcciones.com\/web\/wp-json\/wp\/v2\/comments?post=28"}],"version-history":[{"count":5,"href":"https:\/\/www.grupo7construcciones.com\/web\/wp-json\/wp\/v2\/pages\/28\/revisions"}],"predecessor-version":[{"id":13704,"href":"https:\/\/www.grupo7construcciones.com\/web\/wp-json\/wp\/v2\/pages\/28\/revisions\/13704"}],"up":[{"embeddable":true,"href":"https:\/\/www.grupo7construcciones.com\/web\/wp-json\/wp\/v2\/pages\/19"}],"wp:attachment":[{"href":"https:\/\/www.grupo7construcciones.com\/web\/wp-json\/wp\/v2\/media?parent=28"}],"curies":[{"name":"wp","href":"https:\/\/api.w.org\/{rel}","templated":true}]}}