{"id":12076,"date":"2023-05-10T17:02:16","date_gmt":"2023-05-10T22:02:16","guid":{"rendered":"https:\/\/www.grupo7construcciones.com\/web\/?page_id=12076"},"modified":"2024-08-01T12:01:42","modified_gmt":"2024-08-01T17:01:42","slug":"lotes","status":"publish","type":"page","link":"https:\/\/www.grupo7construcciones.com\/web\/contactanos\/lotes\/","title":{"rendered":"Lotes"},"content":{"rendered":"\t\t<div data-elementor-type=\"wp-page\" data-elementor-id=\"12076\" class=\"elementor elementor-12076\">\n\t\t\t\t\t\t<section class=\"elementor-section elementor-top-section elementor-element elementor-element-9db5e68 elementor-section-boxed elementor-section-height-default elementor-section-height-default\" data-id=\"9db5e68\" data-element_type=\"section\">\n\t\t\t\t\t\t<div class=\"elementor-container elementor-column-gap-default\">\n\t\t\t\t\t<div class=\"elementor-column elementor-col-100 elementor-top-column elementor-element elementor-element-f128bee\" data-id=\"f128bee\" data-element_type=\"column\">\n\t\t\t<div class=\"elementor-widget-wrap elementor-element-populated\">\n\t\t\t\t\t\t<section class=\"elementor-section elementor-inner-section elementor-element elementor-element-a707fb5 elementor-section-boxed elementor-section-height-default elementor-section-height-default\" data-id=\"a707fb5\" data-element_type=\"section\">\n\t\t\t\t\t\t<div class=\"elementor-container elementor-column-gap-default\">\n\t\t\t\t\t<div class=\"elementor-column elementor-col-50 elementor-inner-column elementor-element elementor-element-c547776\" data-id=\"c547776\" data-element_type=\"column\">\n\t\t\t<div class=\"elementor-widget-wrap elementor-element-populated\">\n\t\t\t\t\t\t<div class=\"elementor-element elementor-element-395292b elementor-widget__width-initial elementor-widget elementor-widget-text-editor\" data-id=\"395292b\" data-element_type=\"widget\" data-widget_type=\"text-editor.default\">\n\t\t\t\t<div class=\"elementor-widget-container\">\n\t\t\t\t\t\t\t\t\t<p style=\"text-align: center;\"><span style=\"background-color: var(--wp--preset--color--base); font-size: 20px; letter-spacing: 1px; white-space-collapse: preserve; color: #000000;\"><b>\u00a1Ofr\u00e9zcanos su predio!<\/b><\/span><\/p><p style=\"text-align: left;\"><span style=\"color: #000000;\"><b>Zonas de inter\u00e9s:<\/b><\/span><\/p><p><span style=\"color: #000000;\"><b>*<\/b>SANTA B\u00c1RBARA, *CHAPINERO ALTO, *PASADENA, ENTRE OTROS.<\/span><\/p><p><span style=\"color: #000000;\"><b>Nota:\u00a0<\/b>Los predios deben tener de frente m\u00ednimo 15 M<\/span><\/p>\t\t\t\t\t\t\t\t<\/div>\n\t\t\t\t<\/div>\n\t\t\t\t<div class=\"elementor-element elementor-element-044b15f elementor-widget__width-initial elementor-widget elementor-widget-image\" data-id=\"044b15f\" data-element_type=\"widget\" data-widget_type=\"image.default\">\n\t\t\t\t<div class=\"elementor-widget-container\">\n\t\t\t\t\t\t\t\t\t\t\t\t\t\t\t<img decoding=\"async\" src=\"https:\/\/www.grupo7construcciones.com\/web\/wp-content\/uploads\/5124556.jpg\" title=\"\" alt=\"\" loading=\"lazy\" \/>\t\t\t\t\t\t\t\t\t\t\t\t\t\t\t<\/div>\n\t\t\t\t<\/div>\n\t\t\t\t\t<\/div>\n\t\t<\/div>\n\t\t\t\t<div class=\"elementor-column elementor-col-50 elementor-inner-column elementor-element elementor-element-33a2e81\" data-id=\"33a2e81\" data-element_type=\"column\">\n\t\t\t<div class=\"elementor-widget-wrap elementor-element-populated\">\n\t\t\t\t\t\t<div class=\"elementor-element elementor-element-ffeac19 elementor-widget elementor-widget-content_form_contact\" data-id=\"ffeac19\" data-element_type=\"widget\" data-widget_type=\"content_form_contact.default\">\n\t\t\t\t<div class=\"elementor-widget-container\">\n\t\t\t\t\t<form action=\"https:\/\/www.grupo7construcciones.com\/web\/wp-admin\/admin-post.php\" method=\"post\" name=\"content-form-ffeac19\" id=\"content-form-ffeac19\" class=\"ti-cf-module content-form content-form-contact content_form_contact\"><input type=\"hidden\" id=\"_wpnonce_contact\" name=\"_wpnonce_contact\" value=\"0d63f313b1\" \/><input type=\"hidden\" name=\"_wp_http_referer\" value=\"\/web\/wp-json\/wp\/v2\/pages\/12076\" \/><input type=\"hidden\" name=\"action\" value=\"content_form_submit\" \/><input type=\"hidden\" name=\"form-type\" value=\"contact\" \/><input type=\"hidden\" name=\"form-builder\" value=\"elementor\" \/><input type=\"hidden\" name=\"post-id\" value=\"12076\" \/><input type=\"hidden\" name=\"form-id\" value=\"ffeac19\" \/><fieldset class=\"content-form-field-text elementor-column elementor-col-100\"><label for=\"data[ffeac19][name]\" ><\/label><input type=\"text\" name=\"data[ffeac19][name]\" id=\"data[ffeac19][name]\" required=\"required\"  placeholder=\"Nombre\"><\/fieldset><fieldset class=\"content-form-field-email elementor-column elementor-col-100\"><label for=\"data[ffeac19][email]\" ><\/label><input type=\"text\" name=\"data[ffeac19][email]\" id=\"data[ffeac19][email]\" required=\"required\"  placeholder=\"Correo\"><\/fieldset><fieldset class=\"content-form-field-text elementor-column elementor-col-100\"><label for=\"data[ffeac19][numero-contacto]\" ><\/label><input type=\"text\" name=\"data[ffeac19][numero-contacto]\" id=\"data[ffeac19][numero-contacto]\" required=\"required\"  placeholder=\"N\u00famero contacto\"><\/fieldset><fieldset class=\"content-form-field-number elementor-column elementor-col-100\"><label for=\"data[ffeac19][phone]\" ><\/label><input type=\"text\" name=\"data[ffeac19][phone]\" id=\"data[ffeac19][phone]\" required=\"required\"  placeholder=\"Direcci\u00f3n predio (exacta)\"><\/fieldset><fieldset class=\"content-form-field-text elementor-column elementor-col-100\"><label for=\"data[ffeac19][area-total]\" ><\/label><input type=\"text\" name=\"data[ffeac19][area-total]\" id=\"data[ffeac19][area-total]\" required=\"required\"  placeholder=\"\u00c1rea total (M2)\"><\/fieldset><fieldset class=\"content-form-field-text elementor-column elementor-col-100\"><label for=\"data[ffeac19][message]\" ><\/label><input type=\"text\" name=\"data[ffeac19][message]\" id=\"data[ffeac19][message]\" required=\"required\"  placeholder=\"Frente - metros\"><\/fieldset><fieldset class=\"content-form-field-text elementor-column elementor-col-100\"><label for=\"data[ffeac19][message]\" ><\/label><input type=\"text\" name=\"data[ffeac19][message]\" id=\"data[ffeac19][message]\" required=\"required\"  placeholder=\"Fondo - metros\"><\/fieldset><fieldset class=\"content-form-field-text elementor-column elementor-col-100\"><label for=\"data[ffeac19][precio]\" ><\/label><input type=\"text\" name=\"data[ffeac19][precio]\" id=\"data[ffeac19][precio]\" required=\"required\"  placeholder=\"Precio\"><\/fieldset><fieldset class=\"content-form-field-textarea elementor-column elementor-col-100\"><label for=\"data[ffeac19][mensaje]\" ><\/label><textarea name=\"data[ffeac19][mensaje]\" id=\"data[ffeac19][mensaje]\"   placeholder=\"Mensaje\" cols=\"30\" rows=\"5\"><\/textarea><\/fieldset><fieldset class=\"content-form-field-checkbox elementor-column elementor-col-100\"><label class=\"checkbox-input\" for=\"data[ffeac19][acepto-politicas-de-privacidad]\" >Acepto pol\u00edticas de privacidad <span class=\"required-mark\"> *<\/span><input type=\"checkbox\" name=\"data[ffeac19][acepto-politicas-de-privacidad]\" id=\"data[ffeac19][acepto-politicas-de-privacidad]\" required=\"required\" ><\/label><\/fieldset><fieldset class=\"submit-form contact\"><button type=\"submit\" name=\"submit\"  value=\"submit-contact-ffeac19\" class=\"\">Enviar<\/button><\/fieldset><\/form>\t\t\t\t<\/div>\n\t\t\t\t<\/div>\n\t\t\t\t\t<\/div>\n\t\t<\/div>\n\t\t\t\t\t<\/div>\n\t\t<\/section>\n\t\t\t\t\t<\/div>\n\t\t<\/div>\n\t\t\t\t\t<\/div>\n\t\t<\/section>\n\t\t\t\t<\/div>\n\t\t","protected":false},"excerpt":{"rendered":"<p>\u00a1Ofr\u00e9zcanos su predio! Zonas de inter\u00e9s: *SANTA B\u00c1RBARA, *CHAPINERO ALTO, *PASADENA, ENTRE OTROS. Nota:\u00a0Los predios deben tener de frente m\u00ednimo 15 M Acepto pol\u00edticas de privacidad * Enviar<\/p>\n","protected":false},"author":17,"featured_media":0,"parent":42,"menu_order":24,"comment_status":"closed","ping_status":"closed","template":"","meta":{"_acf_changed":false,"_joinchat":[],"footnotes":""},"class_list":["post-12076","page","type-page","status-publish","hentry"],"acf":[],"yoast_head":"<!-- This site is optimized with the Yoast SEO plugin v26.9 - https:\/\/yoast.com\/product\/yoast-seo-wordpress\/ -->\n<title>Lotes - Grupo 7 Construcciones<\/title>\n<meta name=\"robots\" content=\"index, follow, max-snippet:-1, max-image-preview:large, max-video-preview:-1\" \/>\n<link rel=\"canonical\" href=\"https:\/\/www.grupo7construcciones.com\/web\/contactanos\/lotes\/\" \/>\n<meta property=\"og:locale\" content=\"es_ES\" \/>\n<meta property=\"og:type\" content=\"article\" \/>\n<meta property=\"og:title\" content=\"Lotes - Grupo 7 Construcciones\" \/>\n<meta property=\"og:description\" content=\"\u00a1Ofr\u00e9zcanos su predio! Zonas de inter\u00e9s: *SANTA B\u00c1RBARA, *CHAPINERO ALTO, *PASADENA, ENTRE OTROS. Nota:\u00a0Los predios deben tener de frente m\u00ednimo 15 M Acepto pol\u00edticas de privacidad * Enviar\" \/>\n<meta property=\"og:url\" content=\"https:\/\/www.grupo7construcciones.com\/web\/contactanos\/lotes\/\" \/>\n<meta property=\"og:site_name\" content=\"Grupo 7 Construcciones\" \/>\n<meta property=\"article:publisher\" content=\"https:\/\/www.facebook.com\/grupo7cons\" \/>\n<meta property=\"article:modified_time\" content=\"2024-08-01T17:01:42+00:00\" \/>\n<meta property=\"og:image\" content=\"https:\/\/www.grupo7construcciones.com\/web\/wp-content\/uploads\/5124556.jpg\" \/>\n<meta name=\"twitter:card\" content=\"summary_large_image\" \/>\n<meta name=\"twitter:label1\" content=\"Tiempo de lectura\" \/>\n\t<meta name=\"twitter:data1\" content=\"1 minuto\" \/>\n<script type=\"application\/ld+json\" class=\"yoast-schema-graph\">{\"@context\":\"https:\/\/schema.org\",\"@graph\":[{\"@type\":\"WebPage\",\"@id\":\"https:\/\/www.grupo7construcciones.com\/web\/contactanos\/lotes\/\",\"url\":\"https:\/\/www.grupo7construcciones.com\/web\/contactanos\/lotes\/\",\"name\":\"Lotes - Grupo 7 Construcciones\",\"isPartOf\":{\"@id\":\"https:\/\/www.grupo7construcciones.com\/web\/#website\"},\"primaryImageOfPage\":{\"@id\":\"https:\/\/www.grupo7construcciones.com\/web\/contactanos\/lotes\/#primaryimage\"},\"image\":{\"@id\":\"https:\/\/www.grupo7construcciones.com\/web\/contactanos\/lotes\/#primaryimage\"},\"thumbnailUrl\":\"https:\/\/www.grupo7construcciones.com\/web\/wp-content\/uploads\/5124556.jpg\",\"datePublished\":\"2023-05-10T22:02:16+00:00\",\"dateModified\":\"2024-08-01T17:01:42+00:00\",\"breadcrumb\":{\"@id\":\"https:\/\/www.grupo7construcciones.com\/web\/contactanos\/lotes\/#breadcrumb\"},\"inLanguage\":\"es\",\"potentialAction\":[{\"@type\":\"ReadAction\",\"target\":[\"https:\/\/www.grupo7construcciones.com\/web\/contactanos\/lotes\/\"]}]},{\"@type\":\"ImageObject\",\"inLanguage\":\"es\",\"@id\":\"https:\/\/www.grupo7construcciones.com\/web\/contactanos\/lotes\/#primaryimage\",\"url\":\"https:\/\/www.grupo7construcciones.com\/web\/wp-content\/uploads\/5124556.jpg\",\"contentUrl\":\"https:\/\/www.grupo7construcciones.com\/web\/wp-content\/uploads\/5124556.jpg\"},{\"@type\":\"BreadcrumbList\",\"@id\":\"https:\/\/www.grupo7construcciones.com\/web\/contactanos\/lotes\/#breadcrumb\",\"itemListElement\":[{\"@type\":\"ListItem\",\"position\":1,\"name\":\"Portada\",\"item\":\"https:\/\/www.grupo7construcciones.com\/web\/\"},{\"@type\":\"ListItem\",\"position\":2,\"name\":\"Contacto General\",\"item\":\"https:\/\/www.grupo7construcciones.com\/web\/contactanos\/\"},{\"@type\":\"ListItem\",\"position\":3,\"name\":\"Lotes\"}]},{\"@type\":\"WebSite\",\"@id\":\"https:\/\/www.grupo7construcciones.com\/web\/#website\",\"url\":\"https:\/\/www.grupo7construcciones.com\/web\/\",\"name\":\"Grupo 7 Construcciones\",\"description\":\"\",\"publisher\":{\"@id\":\"https:\/\/www.grupo7construcciones.com\/web\/#organization\"},\"potentialAction\":[{\"@type\":\"SearchAction\",\"target\":{\"@type\":\"EntryPoint\",\"urlTemplate\":\"https:\/\/www.grupo7construcciones.com\/web\/?s={search_term_string}\"},\"query-input\":{\"@type\":\"PropertyValueSpecification\",\"valueRequired\":true,\"valueName\":\"search_term_string\"}}],\"inLanguage\":\"es\"},{\"@type\":\"Organization\",\"@id\":\"https:\/\/www.grupo7construcciones.com\/web\/#organization\",\"name\":\"Grupo7 construcciones\",\"url\":\"https:\/\/www.grupo7construcciones.com\/web\/\",\"logo\":{\"@type\":\"ImageObject\",\"inLanguage\":\"es\",\"@id\":\"https:\/\/www.grupo7construcciones.com\/web\/#\/schema\/logo\/image\/\",\"url\":\"https:\/\/www.grupo7construcciones.com\/web\/wp-content\/uploads\/logo-azul-con-negro.png\",\"contentUrl\":\"https:\/\/www.grupo7construcciones.com\/web\/wp-content\/uploads\/logo-azul-con-negro.png\",\"width\":489,\"height\":291,\"caption\":\"Grupo7 construcciones\"},\"image\":{\"@id\":\"https:\/\/www.grupo7construcciones.com\/web\/#\/schema\/logo\/image\/\"},\"sameAs\":[\"https:\/\/www.facebook.com\/grupo7cons\",\"https:\/\/www.instagram.com\/grupo7_construcciones\/?hl=es\"]}]}<\/script>\n<!-- \/ Yoast SEO plugin. -->","yoast_head_json":{"title":"Lotes - Grupo 7 Construcciones","robots":{"index":"index","follow":"follow","max-snippet":"max-snippet:-1","max-image-preview":"max-image-preview:large","max-video-preview":"max-video-preview:-1"},"canonical":"https:\/\/www.grupo7construcciones.com\/web\/contactanos\/lotes\/","og_locale":"es_ES","og_type":"article","og_title":"Lotes - Grupo 7 Construcciones","og_description":"\u00a1Ofr\u00e9zcanos su predio! Zonas de inter\u00e9s: *SANTA B\u00c1RBARA, *CHAPINERO ALTO, *PASADENA, ENTRE OTROS. Nota:\u00a0Los predios deben tener de frente m\u00ednimo 15 M Acepto pol\u00edticas de privacidad * Enviar","og_url":"https:\/\/www.grupo7construcciones.com\/web\/contactanos\/lotes\/","og_site_name":"Grupo 7 Construcciones","article_publisher":"https:\/\/www.facebook.com\/grupo7cons","article_modified_time":"2024-08-01T17:01:42+00:00","og_image":[{"url":"https:\/\/www.grupo7construcciones.com\/web\/wp-content\/uploads\/5124556.jpg","type":"","width":"","height":""}],"twitter_card":"summary_large_image","twitter_misc":{"Tiempo de lectura":"1 minuto"},"schema":{"@context":"https:\/\/schema.org","@graph":[{"@type":"WebPage","@id":"https:\/\/www.grupo7construcciones.com\/web\/contactanos\/lotes\/","url":"https:\/\/www.grupo7construcciones.com\/web\/contactanos\/lotes\/","name":"Lotes - Grupo 7 Construcciones","isPartOf":{"@id":"https:\/\/www.grupo7construcciones.com\/web\/#website"},"primaryImageOfPage":{"@id":"https:\/\/www.grupo7construcciones.com\/web\/contactanos\/lotes\/#primaryimage"},"image":{"@id":"https:\/\/www.grupo7construcciones.com\/web\/contactanos\/lotes\/#primaryimage"},"thumbnailUrl":"https:\/\/www.grupo7construcciones.com\/web\/wp-content\/uploads\/5124556.jpg","datePublished":"2023-05-10T22:02:16+00:00","dateModified":"2024-08-01T17:01:42+00:00","breadcrumb":{"@id":"https:\/\/www.grupo7construcciones.com\/web\/contactanos\/lotes\/#breadcrumb"},"inLanguage":"es","potentialAction":[{"@type":"ReadAction","target":["https:\/\/www.grupo7construcciones.com\/web\/contactanos\/lotes\/"]}]},{"@type":"ImageObject","inLanguage":"es","@id":"https:\/\/www.grupo7construcciones.com\/web\/contactanos\/lotes\/#primaryimage","url":"https:\/\/www.grupo7construcciones.com\/web\/wp-content\/uploads\/5124556.jpg","contentUrl":"https:\/\/www.grupo7construcciones.com\/web\/wp-content\/uploads\/5124556.jpg"},{"@type":"BreadcrumbList","@id":"https:\/\/www.grupo7construcciones.com\/web\/contactanos\/lotes\/#breadcrumb","itemListElement":[{"@type":"ListItem","position":1,"name":"Portada","item":"https:\/\/www.grupo7construcciones.com\/web\/"},{"@type":"ListItem","position":2,"name":"Contacto General","item":"https:\/\/www.grupo7construcciones.com\/web\/contactanos\/"},{"@type":"ListItem","position":3,"name":"Lotes"}]},{"@type":"WebSite","@id":"https:\/\/www.grupo7construcciones.com\/web\/#website","url":"https:\/\/www.grupo7construcciones.com\/web\/","name":"Grupo 7 Construcciones","description":"","publisher":{"@id":"https:\/\/www.grupo7construcciones.com\/web\/#organization"},"potentialAction":[{"@type":"SearchAction","target":{"@type":"EntryPoint","urlTemplate":"https:\/\/www.grupo7construcciones.com\/web\/?s={search_term_string}"},"query-input":{"@type":"PropertyValueSpecification","valueRequired":true,"valueName":"search_term_string"}}],"inLanguage":"es"},{"@type":"Organization","@id":"https:\/\/www.grupo7construcciones.com\/web\/#organization","name":"Grupo7 construcciones","url":"https:\/\/www.grupo7construcciones.com\/web\/","logo":{"@type":"ImageObject","inLanguage":"es","@id":"https:\/\/www.grupo7construcciones.com\/web\/#\/schema\/logo\/image\/","url":"https:\/\/www.grupo7construcciones.com\/web\/wp-content\/uploads\/logo-azul-con-negro.png","contentUrl":"https:\/\/www.grupo7construcciones.com\/web\/wp-content\/uploads\/logo-azul-con-negro.png","width":489,"height":291,"caption":"Grupo7 construcciones"},"image":{"@id":"https:\/\/www.grupo7construcciones.com\/web\/#\/schema\/logo\/image\/"},"sameAs":["https:\/\/www.facebook.com\/grupo7cons","https:\/\/www.instagram.com\/grupo7_construcciones\/?hl=es"]}]}},"_links":{"self":[{"href":"https:\/\/www.grupo7construcciones.com\/web\/wp-json\/wp\/v2\/pages\/12076","targetHints":{"allow":["GET"]}}],"collection":[{"href":"https:\/\/www.grupo7construcciones.com\/web\/wp-json\/wp\/v2\/pages"}],"about":[{"href":"https:\/\/www.grupo7construcciones.com\/web\/wp-json\/wp\/v2\/types\/page"}],"author":[{"embeddable":true,"href":"https:\/\/www.grupo7construcciones.com\/web\/wp-json\/wp\/v2\/users\/17"}],"replies":[{"embeddable":true,"href":"https:\/\/www.grupo7construcciones.com\/web\/wp-json\/wp\/v2\/comments?post=12076"}],"version-history":[{"count":5,"href":"https:\/\/www.grupo7construcciones.com\/web\/wp-json\/wp\/v2\/pages\/12076\/revisions"}],"predecessor-version":[{"id":14955,"href":"https:\/\/www.grupo7construcciones.com\/web\/wp-json\/wp\/v2\/pages\/12076\/revisions\/14955"}],"up":[{"embeddable":true,"href":"https:\/\/www.grupo7construcciones.com\/web\/wp-json\/wp\/v2\/pages\/42"}],"wp:attachment":[{"href":"https:\/\/www.grupo7construcciones.com\/web\/wp-json\/wp\/v2\/media?parent=12076"}],"curies":[{"name":"wp","href":"https:\/\/api.w.org\/{rel}","templated":true}]}}